{"id":13,"date":"2018-12-11T19:39:50","date_gmt":"2018-12-11T21:39:50","guid":{"rendered":"http:\/\/site.univesp.br\/?page_id=13"},"modified":"2024-10-14T13:38:43","modified_gmt":"2024-10-14T16:38:43","slug":"o-que-e-um-rea","status":"publish","type":"page","link":"https:\/\/apps.univesp.br\/repositorio\/","title":{"rendered":"P\u00e1gina Inicial"},"content":{"rendered":"\t\t<div data-elementor-type=\"wp-post\" data-elementor-id=\"13\" class=\"elementor elementor-13 elementor-bc-flex-widget\">\n\t\t\t\t\t\t<section class=\"elementor-section elementor-top-section elementor-element elementor-element-fe72ab0 elementor-section-boxed elementor-section-height-default elementor-section-height-default\" data-id=\"fe72ab0\" data-element_type=\"section\" data-e-type=\"section\">\n\t\t\t\t\t\t<div class=\"elementor-container elementor-column-gap-default\">\n\t\t\t\t\t<div class=\"elementor-column elementor-col-50 elementor-top-column elementor-element elementor-element-6f9c1d3\" data-id=\"6f9c1d3\" data-element_type=\"column\" data-e-type=\"column\">\n\t\t\t<div class=\"elementor-widget-wrap elementor-element-populated\">\n\t\t\t\t\t\t<div class=\"elementor-element elementor-element-a1a7a7d elementor-widget elementor-widget-counter\" data-id=\"a1a7a7d\" data-element_type=\"widget\" data-e-type=\"widget\" data-widget_type=\"counter.default\">\n\t\t\t\t\t\t\t<div class=\"elementor-counter\">\n\t\t\t<div class=\"elementor-counter-title\">alunos<\/div>\t\t\t<div class=\"elementor-counter-number-wrapper\">\n\t\t\t\t<span class=\"elementor-counter-number-prefix\"><\/span>\n\t\t\t\t<span class=\"elementor-counter-number\" data-duration=\"2000\" data-to-value=\"35\" data-from-value=\"0\" data-delimiter=\",\">0<\/span>\n\t\t\t\t<span class=\"elementor-counter-number-suffix\"> mil<\/span>\n\t\t\t<\/div>\n\t\t<\/div>\n\t\t\t\t\t\t<\/div>\n\t\t\t\t\t<\/div>\n\t\t<\/div>\n\t\t\t\t<div class=\"elementor-column elementor-col-50 elementor-top-column elementor-element elementor-element-27c1d01\" data-id=\"27c1d01\" data-element_type=\"column\" data-e-type=\"column\">\n\t\t\t<div class=\"elementor-widget-wrap elementor-element-populated\">\n\t\t\t\t\t\t<div class=\"elementor-element elementor-element-ccd0799 elementor-widget elementor-widget-counter\" data-id=\"ccd0799\" data-element_type=\"widget\" data-e-type=\"widget\" data-widget_type=\"counter.default\">\n\t\t\t\t\t\t\t<div class=\"elementor-counter\">\n\t\t\t<div class=\"elementor-counter-title\">polos<\/div>\t\t\t<div class=\"elementor-counter-number-wrapper\">\n\t\t\t\t<span class=\"elementor-counter-number-prefix\"><\/span>\n\t\t\t\t<span class=\"elementor-counter-number\" data-duration=\"2000\" data-to-value=\"330\" data-from-value=\"0\" data-delimiter=\",\">0<\/span>\n\t\t\t\t<span class=\"elementor-counter-number-suffix\"><\/span>\n\t\t\t<\/div>\n\t\t<\/div>\n\t\t\t\t\t\t<\/div>\n\t\t\t\t\t<\/div>\n\t\t<\/div>\n\t\t\t\t\t<\/div>\n\t\t<\/section>\n\t\t\t\t<section class=\"elementor-section elementor-top-section elementor-element elementor-element-4dca9d0 elementor-section-boxed elementor-section-height-default elementor-section-height-default\" data-id=\"4dca9d0\" data-element_type=\"section\" data-e-type=\"section\">\n\t\t\t\t\t\t<div class=\"elementor-container elementor-column-gap-default\">\n\t\t\t\t\t<div class=\"elementor-column elementor-col-100 elementor-top-column elementor-element elementor-element-c2f882b\" data-id=\"c2f882b\" data-element_type=\"column\" data-e-type=\"column\">\n\t\t\t<div class=\"elementor-widget-wrap\">\n\t\t\t\t\t\t\t<\/div>\n\t\t<\/div>\n\t\t\t\t\t<\/div>\n\t\t<\/section>\n\t\t\t\t<section class=\"elementor-section elementor-top-section elementor-element elementor-element-bee77b9 elementor-section-stretched elementor-section-boxed elementor-section-height-default elementor-section-height-default\" data-id=\"bee77b9\" data-element_type=\"section\" data-e-type=\"section\" data-settings=\"{&quot;stretch_section&quot;:&quot;section-stretched&quot;,&quot;background_background&quot;:&quot;classic&quot;}\">\n\t\t\t\t\t\t\t<div class=\"elementor-background-overlay\"><\/div>\n\t\t\t\t\t\t\t<div class=\"elementor-container elementor-column-gap-default\">\n\t\t\t\t\t<div class=\"elementor-column elementor-col-100 elementor-top-column elementor-element elementor-element-3fdd390\" data-id=\"3fdd390\" data-element_type=\"column\" data-e-type=\"column\">\n\t\t\t<div class=\"elementor-widget-wrap elementor-element-populated\">\n\t\t\t\t\t\t<div class=\"elementor-element elementor-element-fad04ad elementor-widget elementor-widget-heading\" data-id=\"fad04ad\" data-element_type=\"widget\" data-e-type=\"widget\" data-widget_type=\"heading.default\">\n\t\t\t\t\t<h2 class=\"elementor-heading-title elementor-size-default\">Aqui o aluno aprende de forma ativa<\/h2>\t\t\t\t<\/div>\n\t\t\t\t<div class=\"elementor-element elementor-element-d95ca4b elementor-widget elementor-widget-text-editor\" data-id=\"d95ca4b\" data-element_type=\"widget\" data-e-type=\"widget\" data-widget_type=\"text-editor.default\">\n\t\t\t\t\t\t\t\t\t<p>Grande parte do curso \u00e9 realizado em\u00a0 Ambiente Virtual de Aprendizagem (AVA). Trata-se de uma plataforma on-line na qual os estudantes desenvolvem atividades acad\u00eamicas que incluem assistir a videoaulas, acessar material did\u00e1tico e bibliografia das disciplinas e tirar d\u00favidas do conte\u00fado com tutores.<\/p><p>J\u00e1 os polos s\u00e3o espa\u00e7os f\u00edsicos onde os alunos contam com infraestrutura (computadores, impressoras e acesso \u00e0 internet) e realizam atividades como provas, discuss\u00f5es em grupo, trabalhos orientados por tutores. Ali, tamb\u00e9m podem solicitar servi\u00e7os de secretaria acad\u00eamica, assim como tirar suas d\u00favidas sobre o AVA.<\/p>\t\t\t\t\t\t\t\t<\/div>\n\t\t\t\t<div class=\"elementor-element elementor-element-50e1ce2 elementor-align-center elementor-widget elementor-widget-button\" data-id=\"50e1ce2\" data-element_type=\"widget\" data-e-type=\"widget\" data-widget_type=\"button.default\">\n\t\t\t\t\t\t\t\t\t\t<a class=\"elementor-button elementor-button-link elementor-size-md\" href=\"#\">\n\t\t\t\t\t\t<span class=\"elementor-button-content-wrapper\">\n\t\t\t\t\t\t\t\t\t<span class=\"elementor-button-text\">Conhe\u00e7a nossos cursos<\/span>\n\t\t\t\t\t<\/span>\n\t\t\t\t\t<\/a>\n\t\t\t\t\t\t\t\t<\/div>\n\t\t\t\t\t<\/div>\n\t\t<\/div>\n\t\t\t\t\t<\/div>\n\t\t<\/section>\n\t\t\t\t<\/div>\n\t\t","protected":false},"excerpt":{"rendered":"","protected":false},"author":20,"featured_media":0,"parent":0,"menu_order":0,"comment_status":"closed","ping_status":"closed","template":"","meta":{"kt_blocks_editor_width":"","spay_email":"","footnotes":""},"class_list":["post-13","page","type-page","status-publish","hentry"],"featured_image_urls":{"full":"","thumbnail":"","medium":"","medium_large":"","large":"","admin-rea-thumb":"","1536x1536":"","2048x2048":"","ab-block-post-grid-landscape":"","ab-block-post-grid-square":"","post-thumbnail":"","septera-featured":"","septera-featured-lp":"","septera-featured-half":"","septera-featured-third":"","septera-lpbox-1":"","septera-lpbox-2":""},"post_excerpt_stackable":"","category_list":"","author_info":{"name":"Wesley Lima","url":"https:\/\/apps.univesp.br\/repositorio\/author\/wesley-lima\/"},"comments_num":"0 coment\u00e1rio","featured_image_src":null,"featured_image_src_square":null,"uagb_featured_image_src":{"full":false,"thumbnail":false,"medium":false,"medium_large":false,"large":false,"admin-rea-thumb":false,"1536x1536":false,"2048x2048":false,"ab-block-post-grid-landscape":false,"ab-block-post-grid-square":false,"post-thumbnail":false,"septera-featured":false,"septera-featured-lp":false,"septera-featured-half":false,"septera-featured-third":false,"septera-lpbox-1":false,"septera-lpbox-2":false},"uagb_author_info":{"display_name":"Wesley Lima","author_link":"https:\/\/apps.univesp.br\/repositorio\/author\/wesley-lima\/"},"uagb_comment_info":0,"uagb_excerpt":null,"jetpack_sharing_enabled":true,"jetpack_shortlink":"https:\/\/wp.me\/PawKEk-d","jetpack-related-posts":[],"_links":{"self":[{"href":"https:\/\/apps.univesp.br\/repositorio\/wp-json\/wp\/v2\/pages\/13","targetHints":{"allow":["GET"]}}],"collection":[{"href":"https:\/\/apps.univesp.br\/repositorio\/wp-json\/wp\/v2\/pages"}],"about":[{"href":"https:\/\/apps.univesp.br\/repositorio\/wp-json\/wp\/v2\/types\/page"}],"author":[{"embeddable":true,"href":"https:\/\/apps.univesp.br\/repositorio\/wp-json\/wp\/v2\/users\/20"}],"replies":[{"embeddable":true,"href":"https:\/\/apps.univesp.br\/repositorio\/wp-json\/wp\/v2\/comments?post=13"}],"version-history":[{"count":98,"href":"https:\/\/apps.univesp.br\/repositorio\/wp-json\/wp\/v2\/pages\/13\/revisions"}],"predecessor-version":[{"id":4207,"href":"https:\/\/apps.univesp.br\/repositorio\/wp-json\/wp\/v2\/pages\/13\/revisions\/4207"}],"wp:attachment":[{"href":"https:\/\/apps.univesp.br\/repositorio\/wp-json\/wp\/v2\/media?parent=13"}],"curies":[{"name":"wp","href":"https:\/\/api.w.org\/{rel}","templated":true}]}}